{"id":8534,"date":"2024-05-12T13:20:52","date_gmt":"2024-05-12T11:20:52","guid":{"rendered":"https:\/\/thehollywoodnight.com\/?page_id=8534"},"modified":"2024-10-06T20:52:58","modified_gmt":"2024-10-06T18:52:58","slug":"f-a-q","status":"publish","type":"page","link":"https:\/\/thehollywoodnight.com\/index.php\/f-a-q\/","title":{"rendered":"Mentions l\u00e9gales"},"content":{"rendered":"\n<h3 class=\"wp-block-heading\">French :<br><br>1.\u00a0<strong>Identification de l&rsquo;\u00e9diteur du site<\/strong><\/h3>\n\n\n\n<ul class=\"wp-block-list\">\n<li><strong>Nom du site<\/strong>&nbsp;: thehollywoodnight.com<\/li>\n\n\n\n<li><strong>\u00c9diteur<\/strong>&nbsp;: Laurent Lambert<\/li>\n\n\n\n<li><strong>Si\u00e8ge social<\/strong>&nbsp;: Rue des \u00e9coles,29 4650 Herve<\/li>\n\n\n\n<li><strong>Num\u00e9ro d\u2019entreprise (BCE)<\/strong>&nbsp;: BE0598.698.465<\/li>\n\n\n\n<li><strong>TVA intracommunautaire<\/strong>&nbsp;: BE0598.698.465<\/li>\n\n\n\n<li><strong>Responsable de la publication<\/strong>&nbsp;: Laurent Lambert<\/li>\n\n\n\n<li><strong>Coordonn\u00e9es de contact<\/strong>&nbsp;:\n<ul class=\"wp-block-list\">\n<li>E-mail : thehollywoodnight@gmail.com<\/li>\n<\/ul>\n<\/li>\n<\/ul>\n\n\n\n<h3 class=\"wp-block-heading\">2.&nbsp;<strong>H\u00e9bergement du site<\/strong><\/h3>\n\n\n\n<ul class=\"wp-block-list\">\n<li><strong>H\u00e9bergeur<\/strong>&nbsp;: Hostinger<\/li>\n<\/ul>\n\n\n\n<h3 class=\"wp-block-heading\">3.&nbsp;<strong>Protection des donn\u00e9es personnelles<\/strong><\/h3>\n\n\n\n<p>Conform\u00e9ment au&nbsp;<strong>R\u00e8glement G\u00e9n\u00e9ral sur la Protection des Donn\u00e9es (RGPD)<\/strong>, nous nous engageons \u00e0 prot\u00e9ger la vie priv\u00e9e des utilisateurs de notre site.<\/p>\n\n\n\n<ul class=\"wp-block-list\">\n<li><strong>Responsable du traitement des donn\u00e9es<\/strong>&nbsp;: Laurent Lambert<\/li>\n\n\n\n<li><strong>Nature des donn\u00e9es collect\u00e9es<\/strong>&nbsp;: Nous collectons des informations personnelles (nom, adresse e-mail, t\u00e9l\u00e9phone, etc.) uniquement dans le cadre de la cr\u00e9ation de compte, newsletter, achat en ligne.<\/li>\n\n\n\n<li><strong>Droits des utilisateurs<\/strong>&nbsp;: Conform\u00e9ment \u00e0 la l\u00e9gislation en vigueur, vous disposez d&rsquo;un droit d&rsquo;acc\u00e8s, de rectification, de suppression et d\u2019opposition des donn\u00e9es vous concernant. Vous pouvez exercer ces droits en nous contactant \u00e0 l\u2019adresse suivante : thehollywoodnight@gmail.com.<\/li>\n<\/ul>\n\n\n\n<h3 class=\"wp-block-heading\">4.&nbsp;<strong>Propri\u00e9t\u00e9 intellectuelle<\/strong><\/h3>\n\n\n\n<p>L\u2019ensemble du contenu de ce site (textes, images, vid\u00e9os, logos, graphismes, etc.) est la propri\u00e9t\u00e9 exclusive de Laurent Lambert, sauf mention contraire. Toute reproduction, distribution, modification, ou utilisation de ces contenus sans autorisation pr\u00e9alable est interdite et constitue une violation des droits d&rsquo;auteur.<\/p>\n\n\n\n<h3 class=\"wp-block-heading\">5.&nbsp;<strong>Responsabilit\u00e9<\/strong><\/h3>\n\n\n\n<ul class=\"wp-block-list\">\n<li><strong>Acc\u00e8s au site<\/strong>&nbsp;: L&rsquo;\u00e9diteur du site s&rsquo;efforce d&rsquo;assurer l&rsquo;acc\u00e8s au site 24 heures sur 24, 7 jours sur 7, sauf en cas de force majeure, de maintenance ou de tout autre \u00e9v\u00e9nement \u00e9chappant \u00e0 notre contr\u00f4le. Nous ne saurions \u00eatre tenus responsables en cas de dysfonctionnements du site ou d\u2019interruptions de service.<\/li>\n\n\n\n<li><strong>Contenu<\/strong>&nbsp;: Les informations diffus\u00e9es sur ce site sont fournies \u00e0 titre informatif et peuvent \u00eatre modifi\u00e9es \u00e0 tout moment. Nous nous effor\u00e7ons d\u2019assurer l\u2019exactitude des informations, mais nous ne pouvons garantir l&rsquo;exhaustivit\u00e9 ou l\u2019actualit\u00e9 des contenus.<\/li>\n<\/ul>\n\n\n\n<h3 class=\"wp-block-heading\">6.&nbsp;<strong>Conditions de vente (si applicable)<\/strong><\/h3>\n\n\n\n<ul class=\"wp-block-list\">\n<li><strong>Prix et taxes<\/strong>&nbsp;: Les prix indiqu\u00e9s sur le site incluent toutes les taxes applicables, sauf mention contraire. Les frais suppl\u00e9mentaires, tels que les frais de livraison, seront sp\u00e9cifi\u00e9s avant la validation de l&rsquo;achat.<\/li>\n\n\n\n<li><strong>Modalit\u00e9s de paiement<\/strong>&nbsp;: Nous acceptons : G Pay, Apple Pay, Bancontact, Virement et Carte de cr\u00e9dit\/Carte de d\u00e9bit.<\/li>\n\n\n\n<li><strong>Droit de r\u00e9tractation<\/strong>&nbsp;: Conform\u00e9ment \u00e0 la l\u00e9gislation europ\u00e9enne, vous avez le droit de vous r\u00e9tracter dans un d\u00e9lai de 14 jours apr\u00e8s r\u00e9ception de votre commande. Pour exercer ce droit, veuillez nous contacter \u00e0 thehollywoodnight@gmail.com. Les produits doivent \u00eatre retourn\u00e9s dans leur \u00e9tat d\u2019origine et les frais de retour sont \u00e0 la charge du client.<\/li>\n\n\n\n<li><strong>Livraison<\/strong>&nbsp;: Les d\u00e9lais de livraison varient en fonction de la destination.<\/li>\n<\/ul>\n\n\n\n<h3 class=\"wp-block-heading\">7.&nbsp;<strong>Droit applicable et juridiction comp\u00e9tente<\/strong><\/h3>\n\n\n\n<p>Les pr\u00e9sentes mentions l\u00e9gales sont r\u00e9gies par la l\u00e9gislation belge. En cas de litige, seuls les tribunaux de Li\u00e8ge seront comp\u00e9tents.<br><\/p>\n\n\n\n<p>English :<br><\/p>\n\n\n\n<ol class=\"wp-block-list\">\n<li><strong>Identification of the Website Publisher<\/strong><\/li>\n<\/ol>\n\n\n\n<ul class=\"wp-block-list\">\n<li>Website Name: thehollywoodnight.com<\/li>\n\n\n\n<li>Publisher: Laurent Lambert<\/li>\n\n\n\n<li>Headquarters: Rue des \u00e9coles, 29 4650 Herve<\/li>\n\n\n\n<li>Business Number (BCE): BE0598.698.465<\/li>\n\n\n\n<li>VAT Number: BE0598.698.465<\/li>\n\n\n\n<li>Publication Director: Laurent Lambert<\/li>\n<\/ul>\n\n\n\n<p><strong>Contact Information<\/strong>:<\/p>\n\n\n\n<ul class=\"wp-block-list\">\n<li>Email: <a>thehollywoodnight@gmail.com<\/a><\/li>\n<\/ul>\n\n\n\n<ol start=\"2\" class=\"wp-block-list\">\n<li><strong>Website Hosting<\/strong><\/li>\n<\/ol>\n\n\n\n<ul class=\"wp-block-list\">\n<li>Host: Hostinger<\/li>\n<\/ul>\n\n\n\n<ol start=\"3\" class=\"wp-block-list\">\n<li><strong>Personal Data Protection<\/strong><\/li>\n<\/ol>\n\n\n\n<p>In accordance with the General Data Protection Regulation (GDPR), we are committed to protecting the privacy of users of our website.<\/p>\n\n\n\n<ul class=\"wp-block-list\">\n<li>Data Controller: Laurent Lambert<\/li>\n\n\n\n<li>Nature of Collected Data: We collect personal information (name, email address, phone number, etc.) solely for account creation, newsletters, and online purchases.<\/li>\n<\/ul>\n\n\n\n<p><strong>User Rights<\/strong>:<br>In accordance with current legislation, you have the right to access, rectify, delete, and object to the data concerning you. You can exercise these rights by contacting us at the following address: <a>thehollywoodnight@gmail.com<\/a>.<\/p>\n\n\n\n<ol start=\"4\" class=\"wp-block-list\">\n<li><strong>Intellectual Property<\/strong><\/li>\n<\/ol>\n\n\n\n<p>All content on this site (texts, images, videos, logos, graphics, etc.) is the exclusive property of Laurent Lambert, unless otherwise stated. Any reproduction, distribution, modification, or use of this content without prior authorization is prohibited and constitutes a violation of copyright.<\/p>\n\n\n\n<ol start=\"5\" class=\"wp-block-list\">\n<li><strong>Responsibility<\/strong><\/li>\n<\/ol>\n\n\n\n<ul class=\"wp-block-list\">\n<li><strong>Website Access<\/strong>: The publisher strives to ensure access to the website 24 hours a day, 7 days a week, except in cases of force majeure, maintenance, or any other event beyond our control. We cannot be held responsible for website malfunctions or service interruptions.<\/li>\n\n\n\n<li><strong>Content<\/strong>: The information provided on this site is for informational purposes and may be changed at any time. We strive to ensure the accuracy of the information, but we cannot guarantee the completeness or timeliness of the content.<\/li>\n<\/ul>\n\n\n\n<ol start=\"6\" class=\"wp-block-list\">\n<li><strong>Terms of Sale (if applicable)<\/strong><\/li>\n<\/ol>\n\n\n\n<ul class=\"wp-block-list\">\n<li><strong>Prices and Taxes<\/strong>: The prices displayed on the site include all applicable taxes unless otherwise stated. Additional fees, such as shipping costs, will be specified before the purchase is confirmed.<\/li>\n\n\n\n<li><strong>Payment Methods<\/strong>: We accept: G Pay, Apple Pay, Bancontact, Bank Transfer, and Credit\/Debit Card.<\/li>\n\n\n\n<li><strong>Right of Withdrawal<\/strong>: In accordance with European law, you have the right to withdraw within 14 days of receiving your order. To exercise this right, please contact us at <a>thehollywoodnight@gmail.com<\/a>. Products must be returned in their original condition, and return shipping costs are the responsibility of the customer.<\/li>\n\n\n\n<li><strong>Delivery<\/strong>: Delivery times vary depending on the destination.<\/li>\n<\/ul>\n\n\n\n<ol start=\"7\" class=\"wp-block-list\">\n<li><strong>Applicable Law and Jurisdiction<\/strong><\/li>\n<\/ol>\n\n\n\n<p>These legal notices are governed by Belgian law. In case of a dispute, only the courts of Li\u00e8ge will be competent.<\/p>\n","protected":false},"excerpt":{"rendered":"<p>French : 1.\u00a0Identification de l&rsquo;\u00e9diteur du site 2.&nbsp;H\u00e9bergement du site 3.&nbsp;Protection des donn\u00e9es personnelles Conform\u00e9ment au&nbsp;R\u00e8glement G\u00e9n\u00e9ral sur la Protection des Donn\u00e9es (RGPD), nous nous engageons \u00e0 prot\u00e9ger la vie priv\u00e9e des utilisateurs de notre site. 4.&nbsp;Propri\u00e9t\u00e9 intellectuelle L\u2019ensemble du contenu de ce site (textes, images, vid\u00e9os, logos, graphismes, etc.) est la propri\u00e9t\u00e9 exclusive de [&hellip;]<\/p>\n","protected":false},"author":1,"featured_media":0,"parent":0,"menu_order":3,"comment_status":"closed","ping_status":"closed","template":"","meta":{"om_disable_all_campaigns":false,"_monsterinsights_skip_tracking":false,"_monsterinsights_sitenote_active":false,"_monsterinsights_sitenote_note":"","_monsterinsights_sitenote_category":0,"footnotes":""},"class_list":["post-8534","page","type-page","status-publish","hentry"],"aioseo_notices":[],"jetpack_sharing_enabled":true,"_links":{"self":[{"href":"https:\/\/thehollywoodnight.com\/index.php\/wp-json\/wp\/v2\/pages\/8534","targetHints":{"allow":["GET"]}}],"collection":[{"href":"https:\/\/thehollywoodnight.com\/index.php\/wp-json\/wp\/v2\/pages"}],"about":[{"href":"https:\/\/thehollywoodnight.com\/index.php\/wp-json\/wp\/v2\/types\/page"}],"author":[{"embeddable":true,"href":"https:\/\/thehollywoodnight.com\/index.php\/wp-json\/wp\/v2\/users\/1"}],"replies":[{"embeddable":true,"href":"https:\/\/thehollywoodnight.com\/index.php\/wp-json\/wp\/v2\/comments?post=8534"}],"version-history":[{"count":4,"href":"https:\/\/thehollywoodnight.com\/index.php\/wp-json\/wp\/v2\/pages\/8534\/revisions"}],"predecessor-version":[{"id":12479,"href":"https:\/\/thehollywoodnight.com\/index.php\/wp-json\/wp\/v2\/pages\/8534\/revisions\/12479"}],"wp:attachment":[{"href":"https:\/\/thehollywoodnight.com\/index.php\/wp-json\/wp\/v2\/media?parent=8534"}],"curies":[{"name":"wp","href":"https:\/\/api.w.org\/{rel}","templated":true}]}}